{"id":780,"date":"2018-10-08T14:57:16","date_gmt":"2018-10-08T14:57:16","guid":{"rendered":"https:\/\/dev.exgenio.com\/?page_id=780"},"modified":"2019-09-11T12:46:16","modified_gmt":"2019-09-11T10:46:16","slug":"leadership-alt","status":"publish","type":"page","link":"https:\/\/exgenio.com\/de\/leadership-alt\/","title":{"rendered":"Leadership &#8211; Wirkungsvoll F\u00fchren &#8211; alt"},"content":{"rendered":"","protected":false},"excerpt":{"rendered":"","protected":false},"author":1,"featured_media":0,"parent":0,"menu_order":0,"comment_status":"closed","ping_status":"closed","template":"","meta":{"footnotes":""},"class_list":["post-780","page","type-page","status-publish","hentry"],"yoast_head":"<!-- This site is optimized with the Yoast SEO plugin v27.5 - https:\/\/yoast.com\/product\/yoast-seo-wordpress\/ -->\n<title>Leadership - Wirkungsvoll F\u00fchren - alt<\/title>\n<meta name=\"description\" content=\"Statte dich mit modernen Methoden und Werkzeugen der F\u00fchrung aus, um in der digitalen Zukunft noch wirkungsvoller und gleichzeitig entspannter f\u00fchren zu k\u00f6nnen\" \/>\n<meta name=\"robots\" content=\"index, follow, max-snippet:-1, max-image-preview:large, max-video-preview:-1\" \/>\n<link rel=\"canonical\" href=\"https:\/\/exgenio.com\/de\/leadership-alt\/\" \/>\n<meta property=\"og:locale\" content=\"de_DE\" \/>\n<meta property=\"og:type\" content=\"article\" \/>\n<meta property=\"og:title\" content=\"Leadership - Wirkungsvoll F\u00fchren - alt\" \/>\n<meta property=\"og:description\" content=\"Statte dich mit modernen Methoden und Werkzeugen der F\u00fchrung aus, um in der digitalen Zukunft noch wirkungsvoller und gleichzeitig entspannter f\u00fchren zu k\u00f6nnen\" \/>\n<meta property=\"og:url\" content=\"https:\/\/exgenio.com\/de\/leadership-alt\/\" \/>\n<meta property=\"og:site_name\" content=\"exgenio\" \/>\n<meta property=\"article:modified_time\" content=\"2019-09-11T10:46:16+00:00\" \/>\n<meta name=\"twitter:card\" content=\"summary_large_image\" \/>\n<script type=\"application\/ld+json\" class=\"yoast-schema-graph\">{\"@context\":\"https:\\\/\\\/schema.org\",\"@graph\":[{\"@type\":\"WebPage\",\"@id\":\"https:\\\/\\\/exgenio.com\\\/de\\\/leadership-alt\\\/\",\"url\":\"https:\\\/\\\/exgenio.com\\\/de\\\/leadership-alt\\\/\",\"name\":\"Leadership - Wirkungsvoll F\u00fchren - alt\",\"isPartOf\":{\"@id\":\"https:\\\/\\\/exgenio.com\\\/en\\\/#website\"},\"datePublished\":\"2018-10-08T14:57:16+00:00\",\"dateModified\":\"2019-09-11T10:46:16+00:00\",\"description\":\"Statte dich mit modernen Methoden und Werkzeugen der F\u00fchrung aus, um in der digitalen Zukunft noch wirkungsvoller und gleichzeitig entspannter f\u00fchren zu k\u00f6nnen\",\"breadcrumb\":{\"@id\":\"https:\\\/\\\/exgenio.com\\\/de\\\/leadership-alt\\\/#breadcrumb\"},\"inLanguage\":\"de\",\"potentialAction\":[{\"@type\":\"ReadAction\",\"target\":[\"https:\\\/\\\/exgenio.com\\\/de\\\/leadership-alt\\\/\"]}]},{\"@type\":\"BreadcrumbList\",\"@id\":\"https:\\\/\\\/exgenio.com\\\/de\\\/leadership-alt\\\/#breadcrumb\",\"itemListElement\":[{\"@type\":\"ListItem\",\"position\":1,\"name\":\"Home\",\"item\":\"https:\\\/\\\/exgenio.com\\\/de\\\/\"},{\"@type\":\"ListItem\",\"position\":2,\"name\":\"Leadership &#8211; Wirkungsvoll F\u00fchren &#8211; alt\"}]},{\"@type\":\"WebSite\",\"@id\":\"https:\\\/\\\/exgenio.com\\\/en\\\/#website\",\"url\":\"https:\\\/\\\/exgenio.com\\\/en\\\/\",\"name\":\"exgenio\",\"description\":\"Fortbildung, Consulting und Onlinetraining\",\"potentialAction\":[{\"@type\":\"SearchAction\",\"target\":{\"@type\":\"EntryPoint\",\"urlTemplate\":\"https:\\\/\\\/exgenio.com\\\/en\\\/?s={search_term_string}\"},\"query-input\":{\"@type\":\"PropertyValueSpecification\",\"valueRequired\":true,\"valueName\":\"search_term_string\"}}],\"inLanguage\":\"de\"}]}<\/script>\n<!-- \/ Yoast SEO plugin. -->","yoast_head_json":{"title":"Leadership - Wirkungsvoll F\u00fchren - alt","description":"Statte dich mit modernen Methoden und Werkzeugen der F\u00fchrung aus, um in der digitalen Zukunft noch wirkungsvoller und gleichzeitig entspannter f\u00fchren zu k\u00f6nnen","robots":{"index":"index","follow":"follow","max-snippet":"max-snippet:-1","max-image-preview":"max-image-preview:large","max-video-preview":"max-video-preview:-1"},"canonical":"https:\/\/exgenio.com\/de\/leadership-alt\/","og_locale":"de_DE","og_type":"article","og_title":"Leadership - Wirkungsvoll F\u00fchren - alt","og_description":"Statte dich mit modernen Methoden und Werkzeugen der F\u00fchrung aus, um in der digitalen Zukunft noch wirkungsvoller und gleichzeitig entspannter f\u00fchren zu k\u00f6nnen","og_url":"https:\/\/exgenio.com\/de\/leadership-alt\/","og_site_name":"exgenio","article_modified_time":"2019-09-11T10:46:16+00:00","twitter_card":"summary_large_image","schema":{"@context":"https:\/\/schema.org","@graph":[{"@type":"WebPage","@id":"https:\/\/exgenio.com\/de\/leadership-alt\/","url":"https:\/\/exgenio.com\/de\/leadership-alt\/","name":"Leadership - Wirkungsvoll F\u00fchren - alt","isPartOf":{"@id":"https:\/\/exgenio.com\/en\/#website"},"datePublished":"2018-10-08T14:57:16+00:00","dateModified":"2019-09-11T10:46:16+00:00","description":"Statte dich mit modernen Methoden und Werkzeugen der F\u00fchrung aus, um in der digitalen Zukunft noch wirkungsvoller und gleichzeitig entspannter f\u00fchren zu k\u00f6nnen","breadcrumb":{"@id":"https:\/\/exgenio.com\/de\/leadership-alt\/#breadcrumb"},"inLanguage":"de","potentialAction":[{"@type":"ReadAction","target":["https:\/\/exgenio.com\/de\/leadership-alt\/"]}]},{"@type":"BreadcrumbList","@id":"https:\/\/exgenio.com\/de\/leadership-alt\/#breadcrumb","itemListElement":[{"@type":"ListItem","position":1,"name":"Home","item":"https:\/\/exgenio.com\/de\/"},{"@type":"ListItem","position":2,"name":"Leadership &#8211; Wirkungsvoll F\u00fchren &#8211; alt"}]},{"@type":"WebSite","@id":"https:\/\/exgenio.com\/en\/#website","url":"https:\/\/exgenio.com\/en\/","name":"exgenio","description":"Fortbildung, Consulting und Onlinetraining","potentialAction":[{"@type":"SearchAction","target":{"@type":"EntryPoint","urlTemplate":"https:\/\/exgenio.com\/en\/?s={search_term_string}"},"query-input":{"@type":"PropertyValueSpecification","valueRequired":true,"valueName":"search_term_string"}}],"inLanguage":"de"}]}},"_links":{"self":[{"href":"https:\/\/exgenio.com\/de\/wp-json\/wp\/v2\/pages\/780","targetHints":{"allow":["GET"]}}],"collection":[{"href":"https:\/\/exgenio.com\/de\/wp-json\/wp\/v2\/pages"}],"about":[{"href":"https:\/\/exgenio.com\/de\/wp-json\/wp\/v2\/types\/page"}],"author":[{"embeddable":true,"href":"https:\/\/exgenio.com\/de\/wp-json\/wp\/v2\/users\/1"}],"replies":[{"embeddable":true,"href":"https:\/\/exgenio.com\/de\/wp-json\/wp\/v2\/comments?post=780"}],"version-history":[{"count":4,"href":"https:\/\/exgenio.com\/de\/wp-json\/wp\/v2\/pages\/780\/revisions"}],"predecessor-version":[{"id":3257,"href":"https:\/\/exgenio.com\/de\/wp-json\/wp\/v2\/pages\/780\/revisions\/3257"}],"wp:attachment":[{"href":"https:\/\/exgenio.com\/de\/wp-json\/wp\/v2\/media?parent=780"}],"curies":[{"name":"wp","href":"https:\/\/api.w.org\/{rel}","templated":true}]}}