{"id":326,"date":"2018-01-24T10:28:04","date_gmt":"2018-01-24T10:28:04","guid":{"rendered":"https:\/\/dev.exgenio.com\/?page_id=326"},"modified":"2025-11-13T12:04:46","modified_gmt":"2025-11-13T11:04:46","slug":"exgenio-startseite","status":"publish","type":"page","link":"https:\/\/exgenio.com\/de\/","title":{"rendered":"exgenio &#8211; Du kannst es"},"content":{"rendered":"","protected":false},"excerpt":{"rendered":"","protected":false},"author":1,"featured_media":0,"parent":0,"menu_order":0,"comment_status":"closed","ping_status":"closed","template":"","meta":{"footnotes":""},"class_list":["post-326","page","type-page","status-publish","hentry"],"yoast_head":"<!-- This site is optimized with the Yoast SEO plugin v27.6 - https:\/\/yoast.com\/product\/yoast-seo-wordpress\/ -->\n<title>exgenio - Du kannst es<\/title>\n<meta name=\"description\" content=\"Du kannst es. Wer aufh\u00f6rt, besser zu werden, hat aufgeh\u00f6rt, gut zu sein. Echte Ver\u00e4nderung entsteht im Verhalten\u2013 echtes K\u00f6nnen in der Praxis.\" \/>\n<meta name=\"robots\" content=\"index, follow, max-snippet:-1, max-image-preview:large, max-video-preview:-1\" \/>\n<link rel=\"canonical\" href=\"https:\/\/exgenio.com\/de\/\" \/>\n<meta property=\"og:locale\" content=\"de_DE\" \/>\n<meta property=\"og:type\" content=\"article\" \/>\n<meta property=\"og:title\" content=\"exgenio - Du kannst es\" \/>\n<meta property=\"og:description\" content=\"Du kannst es. Wer aufh\u00f6rt, besser zu werden, hat aufgeh\u00f6rt, gut zu sein. Echte Ver\u00e4nderung entsteht im Verhalten\u2013 echtes K\u00f6nnen in der Praxis.\" \/>\n<meta property=\"og:url\" content=\"https:\/\/exgenio.com\/de\/\" \/>\n<meta property=\"og:site_name\" content=\"exgenio\" \/>\n<meta property=\"article:modified_time\" content=\"2025-11-13T11:04:46+00:00\" \/>\n<meta name=\"twitter:card\" content=\"summary_large_image\" \/>\n<script type=\"application\/ld+json\" class=\"yoast-schema-graph\">{\"@context\":\"https:\\\/\\\/schema.org\",\"@graph\":[{\"@type\":\"WebPage\",\"@id\":\"https:\\\/\\\/exgenio.com\\\/de\\\/\",\"url\":\"https:\\\/\\\/exgenio.com\\\/de\\\/\",\"name\":\"exgenio - Du kannst es\",\"isPartOf\":{\"@id\":\"https:\\\/\\\/exgenio.com\\\/en\\\/#website\"},\"datePublished\":\"2018-01-24T10:28:04+00:00\",\"dateModified\":\"2025-11-13T11:04:46+00:00\",\"description\":\"Du kannst es. Wer aufh\u00f6rt, besser zu werden, hat aufgeh\u00f6rt, gut zu sein. Echte Ver\u00e4nderung entsteht im Verhalten\u2013 echtes K\u00f6nnen in der Praxis.\",\"breadcrumb\":{\"@id\":\"https:\\\/\\\/exgenio.com\\\/de\\\/#breadcrumb\"},\"inLanguage\":\"de\",\"potentialAction\":[{\"@type\":\"ReadAction\",\"target\":[\"https:\\\/\\\/exgenio.com\\\/de\\\/\"]}]},{\"@type\":\"BreadcrumbList\",\"@id\":\"https:\\\/\\\/exgenio.com\\\/de\\\/#breadcrumb\",\"itemListElement\":[{\"@type\":\"ListItem\",\"position\":1,\"name\":\"Home\",\"item\":\"https:\\\/\\\/exgenio.com\\\/de\\\/\"},{\"@type\":\"ListItem\",\"position\":2,\"name\":\"exgenio &#8211; Du kannst es\"}]},{\"@type\":\"WebSite\",\"@id\":\"https:\\\/\\\/exgenio.com\\\/en\\\/#website\",\"url\":\"https:\\\/\\\/exgenio.com\\\/en\\\/\",\"name\":\"exgenio\",\"description\":\"Fortbildung, Consulting und Onlinetraining\",\"potentialAction\":[{\"@type\":\"SearchAction\",\"target\":{\"@type\":\"EntryPoint\",\"urlTemplate\":\"https:\\\/\\\/exgenio.com\\\/en\\\/?s={search_term_string}\"},\"query-input\":{\"@type\":\"PropertyValueSpecification\",\"valueRequired\":true,\"valueName\":\"search_term_string\"}}],\"inLanguage\":\"de\"}]}<\/script>\n<!-- \/ Yoast SEO plugin. -->","yoast_head_json":{"title":"exgenio - Du kannst es","description":"Du kannst es. Wer aufh\u00f6rt, besser zu werden, hat aufgeh\u00f6rt, gut zu sein. Echte Ver\u00e4nderung entsteht im Verhalten\u2013 echtes K\u00f6nnen in der Praxis.","robots":{"index":"index","follow":"follow","max-snippet":"max-snippet:-1","max-image-preview":"max-image-preview:large","max-video-preview":"max-video-preview:-1"},"canonical":"https:\/\/exgenio.com\/de\/","og_locale":"de_DE","og_type":"article","og_title":"exgenio - Du kannst es","og_description":"Du kannst es. Wer aufh\u00f6rt, besser zu werden, hat aufgeh\u00f6rt, gut zu sein. Echte Ver\u00e4nderung entsteht im Verhalten\u2013 echtes K\u00f6nnen in der Praxis.","og_url":"https:\/\/exgenio.com\/de\/","og_site_name":"exgenio","article_modified_time":"2025-11-13T11:04:46+00:00","twitter_card":"summary_large_image","schema":{"@context":"https:\/\/schema.org","@graph":[{"@type":"WebPage","@id":"https:\/\/exgenio.com\/de\/","url":"https:\/\/exgenio.com\/de\/","name":"exgenio - Du kannst es","isPartOf":{"@id":"https:\/\/exgenio.com\/en\/#website"},"datePublished":"2018-01-24T10:28:04+00:00","dateModified":"2025-11-13T11:04:46+00:00","description":"Du kannst es. Wer aufh\u00f6rt, besser zu werden, hat aufgeh\u00f6rt, gut zu sein. Echte Ver\u00e4nderung entsteht im Verhalten\u2013 echtes K\u00f6nnen in der Praxis.","breadcrumb":{"@id":"https:\/\/exgenio.com\/de\/#breadcrumb"},"inLanguage":"de","potentialAction":[{"@type":"ReadAction","target":["https:\/\/exgenio.com\/de\/"]}]},{"@type":"BreadcrumbList","@id":"https:\/\/exgenio.com\/de\/#breadcrumb","itemListElement":[{"@type":"ListItem","position":1,"name":"Home","item":"https:\/\/exgenio.com\/de\/"},{"@type":"ListItem","position":2,"name":"exgenio &#8211; Du kannst es"}]},{"@type":"WebSite","@id":"https:\/\/exgenio.com\/en\/#website","url":"https:\/\/exgenio.com\/en\/","name":"exgenio","description":"Fortbildung, Consulting und Onlinetraining","potentialAction":[{"@type":"SearchAction","target":{"@type":"EntryPoint","urlTemplate":"https:\/\/exgenio.com\/en\/?s={search_term_string}"},"query-input":{"@type":"PropertyValueSpecification","valueRequired":true,"valueName":"search_term_string"}}],"inLanguage":"de"}]}},"_links":{"self":[{"href":"https:\/\/exgenio.com\/de\/wp-json\/wp\/v2\/pages\/326","targetHints":{"allow":["GET"]}}],"collection":[{"href":"https:\/\/exgenio.com\/de\/wp-json\/wp\/v2\/pages"}],"about":[{"href":"https:\/\/exgenio.com\/de\/wp-json\/wp\/v2\/types\/page"}],"author":[{"embeddable":true,"href":"https:\/\/exgenio.com\/de\/wp-json\/wp\/v2\/users\/1"}],"replies":[{"embeddable":true,"href":"https:\/\/exgenio.com\/de\/wp-json\/wp\/v2\/comments?post=326"}],"version-history":[{"count":9,"href":"https:\/\/exgenio.com\/de\/wp-json\/wp\/v2\/pages\/326\/revisions"}],"predecessor-version":[{"id":2858,"href":"https:\/\/exgenio.com\/de\/wp-json\/wp\/v2\/pages\/326\/revisions\/2858"}],"wp:attachment":[{"href":"https:\/\/exgenio.com\/de\/wp-json\/wp\/v2\/media?parent=326"}],"curies":[{"name":"wp","href":"https:\/\/api.w.org\/{rel}","templated":true}]}}